{"id":2632,"date":"2023-11-19T10:54:03","date_gmt":"2023-11-19T09:54:03","guid":{"rendered":"https:\/\/dramakommando.hu\/?page_id=2632"},"modified":"2024-12-08T21:08:21","modified_gmt":"2024-12-08T20:08:21","slug":"blog","status":"publish","type":"page","link":"https:\/\/dramakommando.hu\/en\/blog\/","title":{"rendered":"Blog"},"content":{"rendered":"<div data-elementor-type=\"wp-page\" data-elementor-id=\"2632\" class=\"elementor elementor-2632\">\n\t\t\t\t\t\t<section class=\"elementor-section elementor-top-section elementor-element elementor-element-86588fd elementor-section-boxed elementor-section-height-default elementor-section-height-default\" data-id=\"86588fd\" data-element_type=\"section\">\n\t\t\t\t\t\t<div class=\"elementor-container elementor-column-gap-default\">\n\t\t\t\t\t<div class=\"elementor-column elementor-col-100 elementor-top-column elementor-element elementor-element-5902b04\" data-id=\"5902b04\" data-element_type=\"column\">\n\t\t\t<div class=\"elementor-widget-wrap elementor-element-populated\">\n\t\t\t\t\t\t<div class=\"elementor-element elementor-element-f8c8a97 elementor-widget elementor-widget-heading\" data-id=\"f8c8a97\" data-element_type=\"widget\" data-widget_type=\"heading.default\">\n\t\t\t\t<div class=\"elementor-widget-container\">\n\t\t\t\t\t<h1 class=\"elementor-heading-title elementor-size-default\">Welcome to our blog!<\/h1>\t\t\t\t<\/div>\n\t\t\t\t<\/div>\n\t\t\t\t<div class=\"elementor-element elementor-element-59f8fe6 elementor-hidden-phone elementor-widget__width-inherit elementor-widget elementor-widget-text-editor\" data-id=\"59f8fe6\" data-element_type=\"widget\" data-widget_type=\"text-editor.default\">\n\t\t\t\t<div class=\"elementor-widget-container\">\n\t\t\t\t\t\t\t\t\t<h3><span style=\"color: #808080;\">The Dramakommand\u00f3 blog is based on our own experiences. Creative articles, inspirational content, a personal approach.<\/span><\/h3>\t\t\t\t\t\t\t\t<\/div>\n\t\t\t\t<\/div>\n\t\t\t\t\t<\/div>\n\t\t<\/div>\n\t\t\t\t\t<\/div>\n\t\t<\/section>\n\t\t\t\t<section class=\"elementor-section elementor-top-section elementor-element elementor-element-ff03926 elementor-section-boxed elementor-section-height-default elementor-section-height-default\" data-id=\"ff03926\" data-element_type=\"section\">\n\t\t\t\t\t\t<div class=\"elementor-container elementor-column-gap-default\">\n\t\t\t\t\t<div class=\"elementor-column elementor-col-100 elementor-top-column elementor-element elementor-element-0b5381d\" data-id=\"0b5381d\" data-element_type=\"column\">\n\t\t\t<div class=\"elementor-widget-wrap elementor-element-populated\">\n\t\t\t\t\t\t<div class=\"elementor-element elementor-element-34428b9 elementor-absolute elementor-widget elementor-widget-image\" data-id=\"34428b9\" data-element_type=\"widget\" data-settings=\"{&quot;_position&quot;:&quot;absolute&quot;}\" data-widget_type=\"image.default\">\n\t\t\t\t<div class=\"elementor-widget-container\">\n\t\t\t\t\t\t\t\t\t\t\t\t\t\t\t<img decoding=\"async\" src=\"https:\/\/dramakommando.hu\/wp-content\/uploads\/elementor\/thumbs\/blog-hatter-r1eygsy5gtx4phbwa0ndpg10byvsnfe5sq605i8ow8.png\" title=\"blog h\u00e1tt\u00e9r\" alt=\"blog h\u00e1tt\u00e9r\" loading=\"lazy\" \/>\t\t\t\t\t\t\t\t\t\t\t\t\t\t\t<\/div>\n\t\t\t\t<\/div>\n\t\t\t\t<div class=\"elementor-element elementor-element-30e862e elementor-grid-eael-col-3 elementor-grid-tablet-eael-col-2 elementor-grid-mobile-eael-col-1 elementor-widget elementor-widget-eael-post-grid\" data-id=\"30e862e\" data-element_type=\"widget\" data-settings=\"{&quot;eael_post_grid_columns&quot;:&quot;eael-col-3&quot;,&quot;eael_post_grid_columns_tablet&quot;:&quot;eael-col-2&quot;,&quot;eael_post_grid_columns_mobile&quot;:&quot;eael-col-1&quot;}\" data-widget_type=\"eael-post-grid.default\">\n\t\t\t\t<div class=\"elementor-widget-container\">\n\t\t\t\t\t<div id=\"eael-post-grid-30e862e\" class=\"eael-post-grid-container\">\n            <div class=\"eael-post-grid eael-post-appender eael-post-appender-30e862e eael-post-grid-style-one\" data-layout-mode=\"masonry\"><article class=\"eael-grid-post eael-post-grid-column\" data-id=\"2962\">\n        <div class=\"eael-grid-post-holder\">\n            <div class=\"eael-grid-post-holder-inner\"><div class=\"eael-entry-wrapper\"><header class=\"eael-entry-header\"><h2 class=\"eael-entry-title\"><a class=\"eael-grid-post-link\" href=\"https:\/\/dramakommando.hu\/en\/2024\/01\/09\/ami-szemelyes\/\" title=\"Ami szem\u00e9lyes\">Ami szem\u00e9lyes<\/a><\/h2><\/header><div class=\"eael-entry-content\">\n                        <div class=\"eael-grid-post-excerpt\"><p>Mi jut el\u0151sz\u00f6r eszedbe, amikor azt mondom, hogy dr\u00e1ma?\u200b<\/p><a href=\"https:\/\/dramakommando.hu\/en\/2024\/01\/09\/ami-szemelyes\/\" class=\"eael-post-elements-readmore-btn\">Olvass tov\u00e1bb<\/a><\/div>\n                    <\/div><div class=\"eael-entry-footer\"><div class=\"eael-author-avatar\"><a href=\"https:\/\/dramakommando.hu\/en\/author\/admin-2\/\"><img alt='Dr\u00e1makommand\u00f3' src='https:\/\/secure.gravatar.com\/avatar\/c8356442d41d4341869a151c4913cbc2b68be37558f4284b6f3cc2d044f882ea?s=96&#038;d=mm&#038;r=g' srcset='https:\/\/secure.gravatar.com\/avatar\/c8356442d41d4341869a151c4913cbc2b68be37558f4284b6f3cc2d044f882ea?s=192&#038;d=mm&#038;r=g 2x' class='avatar avatar-96 photo' height='96' width='96' \/><\/a><\/div><div class=\"eael-entry-meta\"><span class=\"eael-posted-by\"><a href=\"https:\/\/dramakommando.hu\/en\/author\/admin-2\/\" title=\"Posts by Dr\u00e1makommand\u00f3\" rel=\"author\">Dr\u00e1makommand\u00f3<\/a><\/span><span class=\"eael-posted-on\"><time datetime=\"2024.01.09.\">2024.01.09.<\/time><\/span><\/div><\/div><\/div><\/div>\n        <\/div>\n    <\/article><article class=\"eael-grid-post eael-post-grid-column\" data-id=\"2652\">\n        <div class=\"eael-grid-post-holder\">\n            <div class=\"eael-grid-post-holder-inner\"><div class=\"eael-entry-wrapper\"><header class=\"eael-entry-header\"><h2 class=\"eael-entry-title\"><a class=\"eael-grid-post-link\" href=\"https:\/\/dramakommando.hu\/en\/2023\/11\/20\/mese-es-valosag-borsodban\/\" title=\"Mese \u00e9s val\u00f3s\u00e1g Borsodban\">Mese \u00e9s val\u00f3s\u00e1g Borsodban<\/a><\/h2><\/header><div class=\"eael-entry-content\">\n                        <div class=\"eael-grid-post-excerpt\"><p>Mesebesz\u00e9d c\u00edm\u0171 sz\u00ednh\u00e1zi nevel\u00e9si foglalkoz\u00e1sunkat 9 alkalommal, \u00f6sszesen 6 \u00f3vod\u00e1ban...<\/p><a href=\"https:\/\/dramakommando.hu\/en\/2023\/11\/20\/mese-es-valosag-borsodban\/\" class=\"eael-post-elements-readmore-btn\">Olvass tov\u00e1bb<\/a><\/div>\n                    <\/div><div class=\"eael-entry-footer\"><div class=\"eael-author-avatar\"><a href=\"https:\/\/dramakommando.hu\/en\/author\/admin-2\/\"><img alt='Dr\u00e1makommand\u00f3' src='https:\/\/secure.gravatar.com\/avatar\/c8356442d41d4341869a151c4913cbc2b68be37558f4284b6f3cc2d044f882ea?s=96&#038;d=mm&#038;r=g' srcset='https:\/\/secure.gravatar.com\/avatar\/c8356442d41d4341869a151c4913cbc2b68be37558f4284b6f3cc2d044f882ea?s=192&#038;d=mm&#038;r=g 2x' class='avatar avatar-96 photo' height='96' width='96' \/><\/a><\/div><div class=\"eael-entry-meta\"><span class=\"eael-posted-by\"><a href=\"https:\/\/dramakommando.hu\/en\/author\/admin-2\/\" title=\"Posts by Dr\u00e1makommand\u00f3\" rel=\"author\">Dr\u00e1makommand\u00f3<\/a><\/span><span class=\"eael-posted-on\"><time datetime=\"2023.11.20.\">2023.11.20.<\/time><\/span><\/div><\/div><\/div><\/div>\n        <\/div>\n    <\/article><\/div>\n            <div class=\"clearfix\"><\/div>\n        <\/div>\t\t\t\t<\/div>\n\t\t\t\t<\/div>\n\t\t\t\t\t<\/div>\n\t\t<\/div>\n\t\t\t\t\t<\/div>\n\t\t<\/section>\n\t\t\t\t<\/div>","protected":false},"excerpt":{"rendered":"<p>K\u00f6sz\u00f6nt\u00fcnk a blogunkon! A Dr\u00e1makommand\u00f3 blogja saj\u00e1t \u00e9lm\u00e9nyeinkb\u0151l \u00e9p\u00fcl. Kreat\u00edv cikkek, inspir\u00e1l\u00f3 tartalmak, szem\u00e9lyes megk\u00f6zel\u00edt\u00e9sben. Ami szem\u00e9lyes Mi jut el\u0151sz\u00f6r eszedbe, amikor azt mondom, hogy dr\u00e1ma?\u200b Olvass tov\u00e1bb Dr\u00e1makommand\u00f32024.01.09. Mese \u00e9s val\u00f3s\u00e1g Borsodban Mesebesz\u00e9d c\u00edm\u0171 sz\u00ednh\u00e1zi nevel\u00e9si foglalkoz\u00e1sunkat 9 alkalommal, \u00f6sszesen 6 \u00f3vod\u00e1ban&#8230; Olvass tov\u00e1bb Dr\u00e1makommand\u00f32023.11.20.<\/p>","protected":false},"author":3,"featured_media":0,"parent":0,"menu_order":0,"comment_status":"closed","ping_status":"closed","template":"","meta":{"ocean_post_layout":"","ocean_both_sidebars_style":"","ocean_both_sidebars_content_width":0,"ocean_both_sidebars_sidebars_width":0,"ocean_sidebar":"0","ocean_second_sidebar":"0","ocean_disable_margins":"enable","ocean_add_body_class":"","ocean_shortcode_before_top_bar":"","ocean_shortcode_after_top_bar":"","ocean_shortcode_before_header":"","ocean_shortcode_after_header":"","ocean_has_shortcode":"","ocean_shortcode_after_title":"","ocean_shortcode_before_footer_widgets":"","ocean_shortcode_after_footer_widgets":"","ocean_shortcode_before_footer_bottom":"","ocean_shortcode_after_footer_bottom":"","ocean_display_top_bar":"default","ocean_display_header":"default","ocean_header_style":"","ocean_center_header_left_menu":"0","ocean_custom_header_template":"0","ocean_custom_logo":0,"ocean_custom_retina_logo":0,"ocean_custom_logo_max_width":0,"ocean_custom_logo_tablet_max_width":0,"ocean_custom_logo_mobile_max_width":0,"ocean_custom_logo_max_height":0,"ocean_custom_logo_tablet_max_height":0,"ocean_custom_logo_mobile_max_height":0,"ocean_header_custom_menu":"0","ocean_menu_typo_font_family":"0","ocean_menu_typo_font_subset":"","ocean_menu_typo_font_size":0,"ocean_menu_typo_font_size_tablet":0,"ocean_menu_typo_font_size_mobile":0,"ocean_menu_typo_font_size_unit":"px","ocean_menu_typo_font_weight":"","ocean_menu_typo_font_weight_tablet":"","ocean_menu_typo_font_weight_mobile":"","ocean_menu_typo_transform":"","ocean_menu_typo_transform_tablet":"","ocean_menu_typo_transform_mobile":"","ocean_menu_typo_line_height":0,"ocean_menu_typo_line_height_tablet":0,"ocean_menu_typo_line_height_mobile":0,"ocean_menu_typo_line_height_unit":"","ocean_menu_typo_spacing":0,"ocean_menu_typo_spacing_tablet":0,"ocean_menu_typo_spacing_mobile":0,"ocean_menu_typo_spacing_unit":"","ocean_menu_link_color":"","ocean_menu_link_color_hover":"","ocean_menu_link_color_active":"","ocean_menu_link_background":"","ocean_menu_link_hover_background":"","ocean_menu_link_active_background":"","ocean_menu_social_links_bg":"","ocean_menu_social_hover_links_bg":"","ocean_menu_social_links_color":"","ocean_menu_social_hover_links_color":"","ocean_disable_title":"default","ocean_disable_heading":"default","ocean_post_title":"","ocean_post_subheading":"","ocean_post_title_style":"","ocean_post_title_background_color":"","ocean_post_title_background":0,"ocean_post_title_bg_image_position":"","ocean_post_title_bg_image_attachment":"","ocean_post_title_bg_image_repeat":"","ocean_post_title_bg_image_size":"","ocean_post_title_height":0,"ocean_post_title_bg_overlay":0.5,"ocean_post_title_bg_overlay_color":"","ocean_disable_breadcrumbs":"default","ocean_breadcrumbs_color":"","ocean_breadcrumbs_separator_color":"","ocean_breadcrumbs_links_color":"","ocean_breadcrumbs_links_hover_color":"","ocean_display_footer_widgets":"default","ocean_display_footer_bottom":"default","ocean_custom_footer_template":"0","footnotes":""},"class_list":["post-2632","page","type-page","status-publish","hentry","entry"],"_links":{"self":[{"href":"https:\/\/dramakommando.hu\/en\/wp-json\/wp\/v2\/pages\/2632","targetHints":{"allow":["GET"]}}],"collection":[{"href":"https:\/\/dramakommando.hu\/en\/wp-json\/wp\/v2\/pages"}],"about":[{"href":"https:\/\/dramakommando.hu\/en\/wp-json\/wp\/v2\/types\/page"}],"author":[{"embeddable":true,"href":"https:\/\/dramakommando.hu\/en\/wp-json\/wp\/v2\/users\/3"}],"replies":[{"embeddable":true,"href":"https:\/\/dramakommando.hu\/en\/wp-json\/wp\/v2\/comments?post=2632"}],"version-history":[{"count":0,"href":"https:\/\/dramakommando.hu\/en\/wp-json\/wp\/v2\/pages\/2632\/revisions"}],"wp:attachment":[{"href":"https:\/\/dramakommando.hu\/en\/wp-json\/wp\/v2\/media?parent=2632"}],"curies":[{"name":"wp","href":"https:\/\/api.w.org\/{rel}","templated":true}]}}